{"id":13704,"date":"2023-06-01T08:35:52","date_gmt":"2023-06-01T13:35:52","guid":{"rendered":"https:\/\/munimiperu.gob.pe\/main\/?page_id=13704"},"modified":"2023-09-04T15:43:43","modified_gmt":"2023-09-04T20:43:43","slug":"resoluciones-de-gerencia-de-administracion-y-finanzas-2023","status":"publish","type":"page","link":"https:\/\/munimiperu.gob.pe\/main\/resoluciones-de-gerencia-de-administracion-y-finanzas-2023\/","title":{"rendered":"Resoluciones de Gerencia de Administraci\u00f3n y Finanzas 2023"},"content":{"rendered":"\t\t<div data-elementor-type=\"wp-page\" data-elementor-id=\"13704\" class=\"elementor elementor-13704\" data-elementor-settings=\"[]\">\n\t\t\t\t\t\t<div class=\"elementor-inner\">\n\t\t\t\t\t\t\t<div class=\"elementor-section-wrap\">\n\t\t\t\t\t\t\t<section class=\"elementor-section elementor-top-section elementor-element elementor-element-194c512 elementor-section-boxed elementor-section-height-default elementor-section-height-default\" data-id=\"194c512\" data-element_type=\"section\">\n\t\t\t\t\t\t<div class=\"elementor-container elementor-column-gap-default\">\n\t\t\t\t\t\t\t<div class=\"elementor-row\">\n\t\t\t\t\t<div class=\"elementor-column elementor-col-100 elementor-top-column elementor-element elementor-element-0a0fa19\" data-id=\"0a0fa19\" data-element_type=\"column\">\n\t\t\t<div class=\"elementor-column-wrap elementor-element-populated\">\n\t\t\t\t\t\t\t<div class=\"elementor-widget-wrap\">\n\t\t\t\t\t\t<div class=\"elementor-element elementor-element-90d2610 elementor-widget elementor-widget-text-editor\" data-id=\"90d2610\" data-element_type=\"widget\" data-widget_type=\"text-editor.default\">\n\t\t\t\t<div class=\"elementor-widget-container\">\n\t\t\t\t\t<div class=\"elementor-text-editor elementor-clearfix\"><p>Resoluciones de la Oficina General de Administraci\u00f3n y Finanzas 2023<\/p><\/div>\n\t\t\t\t<\/div>\n\t\t\t\t<\/div>\n\t\t\t\t\t\t<\/div>\n\t\t\t\t\t<\/div>\n\t\t<\/div>\n\t\t\t\t\t\t\t\t<\/div>\n\t\t\t\t\t<\/div>\n\t\t<\/section>\n\t\t\t\t<section class=\"elementor-section elementor-top-section elementor-element elementor-element-bf39bf2 elementor-section-boxed elementor-section-height-default elementor-section-height-default\" data-id=\"bf39bf2\" data-element_type=\"section\">\n\t\t\t\t\t\t<div class=\"elementor-container elementor-column-gap-default\">\n\t\t\t\t\t\t\t<div class=\"elementor-row\">\n\t\t\t\t\t<div class=\"elementor-column elementor-col-100 elementor-top-column elementor-element elementor-element-b3a0f11\" data-id=\"b3a0f11\" data-element_type=\"column\">\n\t\t\t<div class=\"elementor-column-wrap elementor-element-populated\">\n\t\t\t\t\t\t\t<div class=\"elementor-widget-wrap\">\n\t\t\t\t\t\t<div class=\"elementor-element elementor-element-eb42edc elementor-view-default elementor-widget elementor-widget-icon\" data-id=\"eb42edc\" data-element_type=\"widget\" data-widget_type=\"icon.default\">\n\t\t\t\t<div class=\"elementor-widget-container\">\n\t\t\t\t\t<div class=\"elementor-icon-wrapper\">\n\t\t\t<a class=\"elementor-icon\" href=\"https:\/\/munimiperu.gob.pe\/main\/informacion-publica\/\">\n\t\t\t<i aria-hidden=\"true\" class=\"fas fa-backspace\"><\/i>\t\t\t<\/a>\n\t\t<\/div>\n\t\t\t\t<\/div>\n\t\t\t\t<\/div>\n\t\t\t\t\t\t<\/div>\n\t\t\t\t\t<\/div>\n\t\t<\/div>\n\t\t\t\t\t\t\t\t<\/div>\n\t\t\t\t\t<\/div>\n\t\t<\/section>\n\t\t\t\t<section class=\"elementor-section elementor-top-section elementor-element elementor-element-6d159a15 elementor-section-boxed elementor-section-height-default elementor-section-height-default\" data-id=\"6d159a15\" data-element_type=\"section\">\n\t\t\t\t\t\t<div class=\"elementor-container elementor-column-gap-default\">\n\t\t\t\t\t\t\t<div class=\"elementor-row\">\n\t\t\t\t\t<div class=\"elementor-column elementor-col-100 elementor-top-column elementor-element elementor-element-5ee68d7f\" data-id=\"5ee68d7f\" data-element_type=\"column\">\n\t\t\t<div class=\"elementor-column-wrap elementor-element-populated\">\n\t\t\t\t\t\t\t<div class=\"elementor-widget-wrap\">\n\t\t\t\t\t\t<div class=\"elementor-element elementor-element-20d88775 elementor-widget elementor-widget-text-editor\" data-id=\"20d88775\" data-element_type=\"widget\" data-widget_type=\"text-editor.default\">\n\t\t\t\t<div class=\"elementor-widget-container\">\n\t\t\t\t\t<div class=\"elementor-text-editor elementor-clearfix\"><ul><li><a href=\"https:\/\/www.gob.pe\/institucion\/munimiperu\/normas-legales\/4366910-082-2023-mdmp\">Resoluci\u00f3n de Gerencia de Administraci\u00f3n y Finanzas N.\u00b0082<\/a><\/li><li><a href=\"https:\/\/www.gob.pe\/institucion\/munimiperu\/normas-legales\/4408054-078-2023-mdmp\">Resoluci\u00f3n de Gerencia de Administraci\u00f3n y Finanzas N.\u00b0078<\/a><\/li><li><a href=\"https:\/\/www.gob.pe\/institucion\/munimiperu\/normas-legales\/4408040-077-2023-mdmp\">Resoluci\u00f3n de Gerencia de Administraci\u00f3n y Finanzas N.\u00b0077<\/a><\/li><li><a href=\"https:\/\/www.gob.pe\/institucion\/munimiperu\/normas-legales\/4408016-076-2023-mdmp\">Resoluci\u00f3n de Gerencia de Administraci\u00f3n y Finanzas N.\u00b0076<\/a><\/li><li><a href=\"https:\/\/www.gob.pe\/institucion\/munimiperu\/normas-legales\/4408001-075-2023-mdmp\">Resoluci\u00f3n de Gerencia de Administraci\u00f3n y Finanzas N.\u00b0075<\/a><\/li><li><a href=\"https:\/\/www.gob.pe\/institucion\/munimiperu\/normas-legales\/4408292-074-2023-mdmp\">Resoluci\u00f3n de Gerencia de Administraci\u00f3n y Finanzas N.\u00b0074<\/a><\/li><\/ul><\/div>\n\t\t\t\t<\/div>\n\t\t\t\t<\/div>\n\t\t\t\t\t\t<\/div>\n\t\t\t\t\t<\/div>\n\t\t<\/div>\n\t\t\t\t\t\t\t\t<\/div>\n\t\t\t\t\t<\/div>\n\t\t<\/section>\n\t\t\t\t\t\t<\/div>\n\t\t\t\t\t\t<\/div>\n\t\t\t\t\t<\/div>\n\t\t","protected":false},"excerpt":{"rendered":"<p>Resoluciones de la Oficina General de Administraci\u00f3n y Finanzas 2023 Resoluci\u00f3n de Gerencia de Administraci\u00f3n y Finanzas N.\u00b0082 Resoluci\u00f3n de Gerencia de Administraci\u00f3n y Finanzas N.\u00b0078 Resoluci\u00f3n de Gerencia de Administraci\u00f3n y Finanzas N.\u00b0077 Resoluci\u00f3n de Gerencia de Administraci\u00f3n y Finanzas N.\u00b0076 Resoluci\u00f3n de Gerencia de Administraci\u00f3n y Finanzas N.\u00b0075 Resoluci\u00f3n de Gerencia de Administraci\u00f3n &hellip;<\/p>\n<p class=\"read-more\"> <a class=\"\" href=\"https:\/\/munimiperu.gob.pe\/main\/resoluciones-de-gerencia-de-administracion-y-finanzas-2023\/\"> <span class=\"screen-reader-text\">Resoluciones de Gerencia de Administraci\u00f3n y Finanzas 2023<\/span> Leer m\u00e1s &raquo;<\/a><\/p>\n","protected":false},"author":1,"featured_media":0,"parent":0,"menu_order":0,"comment_status":"closed","ping_status":"closed","template":"","meta":{"_mi_skip_tracking":false,"site-sidebar-layout":"default","site-content-layout":"default","ast-main-header-display":"","ast-hfb-above-header-display":"","ast-hfb-below-header-display":"","ast-hfb-mobile-header-display":"","site-post-title":"","ast-breadcrumbs-content":"","ast-featured-img":"","footer-sml-layout":"","theme-transparent-header-meta":"default","adv-header-id-meta":"","stick-header-meta":"","header-above-stick-meta":"","header-main-stick-meta":"","header-below-stick-meta":"","footnotes":""},"class_list":["post-13704","page","type-page","status-publish","hentry"],"_links":{"self":[{"href":"https:\/\/munimiperu.gob.pe\/main\/wp-json\/wp\/v2\/pages\/13704","targetHints":{"allow":["GET"]}}],"collection":[{"href":"https:\/\/munimiperu.gob.pe\/main\/wp-json\/wp\/v2\/pages"}],"about":[{"href":"https:\/\/munimiperu.gob.pe\/main\/wp-json\/wp\/v2\/types\/page"}],"author":[{"embeddable":true,"href":"https:\/\/munimiperu.gob.pe\/main\/wp-json\/wp\/v2\/users\/1"}],"replies":[{"embeddable":true,"href":"https:\/\/munimiperu.gob.pe\/main\/wp-json\/wp\/v2\/comments?post=13704"}],"version-history":[{"count":13,"href":"https:\/\/munimiperu.gob.pe\/main\/wp-json\/wp\/v2\/pages\/13704\/revisions"}],"predecessor-version":[{"id":15410,"href":"https:\/\/munimiperu.gob.pe\/main\/wp-json\/wp\/v2\/pages\/13704\/revisions\/15410"}],"wp:attachment":[{"href":"https:\/\/munimiperu.gob.pe\/main\/wp-json\/wp\/v2\/media?parent=13704"}],"curies":[{"name":"wp","href":"https:\/\/api.w.org\/{rel}","templated":true}]}}