{"id":16405,"date":"2024-02-05T16:10:03","date_gmt":"2024-02-05T21:10:03","guid":{"rendered":"https:\/\/munimiperu.gob.pe\/main\/?page_id=16405"},"modified":"2024-02-05T16:13:10","modified_gmt":"2024-02-05T21:13:10","slug":"resoluciones-de-gerencia-de-administracion-y-finanzas-2024","status":"publish","type":"page","link":"https:\/\/munimiperu.gob.pe\/main\/resoluciones-de-gerencia-de-administracion-y-finanzas-2024\/","title":{"rendered":"Resoluciones de Gerencia de Administraci\u00f3n y Finanzas 2024"},"content":{"rendered":"\t\t<div data-elementor-type=\"wp-page\" data-elementor-id=\"16405\" class=\"elementor elementor-16405\" data-elementor-settings=\"[]\">\n\t\t\t\t\t\t<div class=\"elementor-inner\">\n\t\t\t\t\t\t\t<div class=\"elementor-section-wrap\">\n\t\t\t\t\t\t\t<section class=\"elementor-section elementor-top-section elementor-element elementor-element-194c512 elementor-section-boxed elementor-section-height-default elementor-section-height-default\" data-id=\"194c512\" data-element_type=\"section\">\n\t\t\t\t\t\t<div class=\"elementor-container elementor-column-gap-default\">\n\t\t\t\t\t\t\t<div class=\"elementor-row\">\n\t\t\t\t\t<div class=\"elementor-column elementor-col-100 elementor-top-column elementor-element elementor-element-0a0fa19\" data-id=\"0a0fa19\" data-element_type=\"column\">\n\t\t\t<div class=\"elementor-column-wrap elementor-element-populated\">\n\t\t\t\t\t\t\t<div class=\"elementor-widget-wrap\">\n\t\t\t\t\t\t<div class=\"elementor-element elementor-element-90d2610 elementor-widget elementor-widget-text-editor\" data-id=\"90d2610\" data-element_type=\"widget\" data-widget_type=\"text-editor.default\">\n\t\t\t\t<div class=\"elementor-widget-container\">\n\t\t\t\t\t<div class=\"elementor-text-editor elementor-clearfix\"><p>Resoluciones de la Oficina General de Administraci\u00f3n y Finanzas 2024<\/p><\/div>\n\t\t\t\t<\/div>\n\t\t\t\t<\/div>\n\t\t\t\t\t\t<\/div>\n\t\t\t\t\t<\/div>\n\t\t<\/div>\n\t\t\t\t\t\t\t\t<\/div>\n\t\t\t\t\t<\/div>\n\t\t<\/section>\n\t\t\t\t<section class=\"elementor-section elementor-top-section elementor-element elementor-element-bf39bf2 elementor-section-boxed elementor-section-height-default elementor-section-height-default\" data-id=\"bf39bf2\" data-element_type=\"section\">\n\t\t\t\t\t\t<div class=\"elementor-container elementor-column-gap-default\">\n\t\t\t\t\t\t\t<div class=\"elementor-row\">\n\t\t\t\t\t<div class=\"elementor-column elementor-col-100 elementor-top-column elementor-element elementor-element-b3a0f11\" data-id=\"b3a0f11\" data-element_type=\"column\">\n\t\t\t<div class=\"elementor-column-wrap elementor-element-populated\">\n\t\t\t\t\t\t\t<div class=\"elementor-widget-wrap\">\n\t\t\t\t\t\t<div class=\"elementor-element elementor-element-eb42edc elementor-view-default elementor-widget elementor-widget-icon\" data-id=\"eb42edc\" data-element_type=\"widget\" data-widget_type=\"icon.default\">\n\t\t\t\t<div class=\"elementor-widget-container\">\n\t\t\t\t\t<div class=\"elementor-icon-wrapper\">\n\t\t\t<a class=\"elementor-icon\" href=\"https:\/\/munimiperu.gob.pe\/main\/informacion-publica\/\">\n\t\t\t<i aria-hidden=\"true\" class=\"fas fa-backspace\"><\/i>\t\t\t<\/a>\n\t\t<\/div>\n\t\t\t\t<\/div>\n\t\t\t\t<\/div>\n\t\t\t\t\t\t<\/div>\n\t\t\t\t\t<\/div>\n\t\t<\/div>\n\t\t\t\t\t\t\t\t<\/div>\n\t\t\t\t\t<\/div>\n\t\t<\/section>\n\t\t\t\t<section class=\"elementor-section elementor-top-section elementor-element elementor-element-6d159a15 elementor-section-boxed elementor-section-height-default elementor-section-height-default\" data-id=\"6d159a15\" data-element_type=\"section\">\n\t\t\t\t\t\t<div class=\"elementor-container elementor-column-gap-default\">\n\t\t\t\t\t\t\t<div class=\"elementor-row\">\n\t\t\t\t\t<div class=\"elementor-column elementor-col-100 elementor-top-column elementor-element elementor-element-5ee68d7f\" data-id=\"5ee68d7f\" data-element_type=\"column\">\n\t\t\t<div class=\"elementor-column-wrap elementor-element-populated\">\n\t\t\t\t\t\t\t<div class=\"elementor-widget-wrap\">\n\t\t\t\t\t\t<div class=\"elementor-element elementor-element-20d88775 elementor-widget elementor-widget-text-editor\" data-id=\"20d88775\" data-element_type=\"widget\" data-widget_type=\"text-editor.default\">\n\t\t\t\t<div class=\"elementor-widget-container\">\n\t\t\t\t\t<div class=\"elementor-text-editor elementor-clearfix\"><ul><li><a href=\"https:\/\/munimiperu.gob.pe\/main\/wp-content\/uploads\/2024\/02\/RESOLUCION-DE-LA-OFICINA-GENERAL-DE-ADMINISTRACION-Y-FINANZAS-N\u00b0-007-2024-OGAF-.pdf\" target=\"_blank\" rel=\"noopener\">Resoluci\u00f3n de Gerencia de Administraci\u00f3n y Finanzas N.\u00b0007<\/a><\/li><\/ul><\/div>\n\t\t\t\t<\/div>\n\t\t\t\t<\/div>\n\t\t\t\t\t\t<\/div>\n\t\t\t\t\t<\/div>\n\t\t<\/div>\n\t\t\t\t\t\t\t\t<\/div>\n\t\t\t\t\t<\/div>\n\t\t<\/section>\n\t\t\t\t\t\t<\/div>\n\t\t\t\t\t\t<\/div>\n\t\t\t\t\t<\/div>\n\t\t","protected":false},"excerpt":{"rendered":"<p>Resoluciones de la Oficina General de Administraci\u00f3n y Finanzas 2024 Resoluci\u00f3n de Gerencia de Administraci\u00f3n y Finanzas N.\u00b0007<\/p>\n","protected":false},"author":1,"featured_media":0,"parent":0,"menu_order":0,"comment_status":"closed","ping_status":"closed","template":"","meta":{"_mi_skip_tracking":false,"site-sidebar-layout":"default","site-content-layout":"default","ast-main-header-display":"","ast-hfb-above-header-display":"","ast-hfb-below-header-display":"","ast-hfb-mobile-header-display":"","site-post-title":"","ast-breadcrumbs-content":"","ast-featured-img":"","footer-sml-layout":"","theme-transparent-header-meta":"default","adv-header-id-meta":"","stick-header-meta":"","header-above-stick-meta":"","header-main-stick-meta":"","header-below-stick-meta":"","footnotes":""},"class_list":["post-16405","page","type-page","status-publish","hentry"],"_links":{"self":[{"href":"https:\/\/munimiperu.gob.pe\/main\/wp-json\/wp\/v2\/pages\/16405","targetHints":{"allow":["GET"]}}],"collection":[{"href":"https:\/\/munimiperu.gob.pe\/main\/wp-json\/wp\/v2\/pages"}],"about":[{"href":"https:\/\/munimiperu.gob.pe\/main\/wp-json\/wp\/v2\/types\/page"}],"author":[{"embeddable":true,"href":"https:\/\/munimiperu.gob.pe\/main\/wp-json\/wp\/v2\/users\/1"}],"replies":[{"embeddable":true,"href":"https:\/\/munimiperu.gob.pe\/main\/wp-json\/wp\/v2\/comments?post=16405"}],"version-history":[{"count":4,"href":"https:\/\/munimiperu.gob.pe\/main\/wp-json\/wp\/v2\/pages\/16405\/revisions"}],"predecessor-version":[{"id":16411,"href":"https:\/\/munimiperu.gob.pe\/main\/wp-json\/wp\/v2\/pages\/16405\/revisions\/16411"}],"wp:attachment":[{"href":"https:\/\/munimiperu.gob.pe\/main\/wp-json\/wp\/v2\/media?parent=16405"}],"curies":[{"name":"wp","href":"https:\/\/api.w.org\/{rel}","templated":true}]}}