{"id":17766,"date":"2024-10-03T09:13:04","date_gmt":"2024-10-03T14:13:04","guid":{"rendered":"https:\/\/munimiperu.gob.pe\/main\/?page_id=17766"},"modified":"2024-10-03T15:29:22","modified_gmt":"2024-10-03T20:29:22","slug":"que-es-codisec","status":"publish","type":"page","link":"https:\/\/munimiperu.gob.pe\/main\/que-es-codisec\/","title":{"rendered":"QUE ES CODISEC"},"content":{"rendered":"\t\t<div data-elementor-type=\"wp-page\" data-elementor-id=\"17766\" class=\"elementor elementor-17766\" data-elementor-settings=\"[]\">\n\t\t\t\t\t\t<div class=\"elementor-inner\">\n\t\t\t\t\t\t\t<div class=\"elementor-section-wrap\">\n\t\t\t\t\t\t\t<section class=\"elementor-section elementor-top-section elementor-element elementor-element-ec0e8f1 elementor-section-boxed elementor-section-height-default elementor-section-height-default\" data-id=\"ec0e8f1\" data-element_type=\"section\">\n\t\t\t\t\t\t<div class=\"elementor-container elementor-column-gap-default\">\n\t\t\t\t\t\t\t<div class=\"elementor-row\">\n\t\t\t\t\t<div class=\"elementor-column elementor-col-100 elementor-top-column elementor-element elementor-element-a0b3a4b\" data-id=\"a0b3a4b\" data-element_type=\"column\">\n\t\t\t<div class=\"elementor-column-wrap elementor-element-populated\">\n\t\t\t\t\t\t\t<div class=\"elementor-widget-wrap\">\n\t\t\t\t\t\t<div class=\"elementor-element elementor-element-1a98c0a elementor-widget elementor-widget-heading\" data-id=\"1a98c0a\" data-element_type=\"widget\" data-widget_type=\"heading.default\">\n\t\t\t\t<div class=\"elementor-widget-container\">\n\t\t\t<h1 class=\"elementor-heading-title elementor-size-default\">\u00bfQUE ES CODISEC?<\/h1>\t\t<\/div>\n\t\t\t\t<\/div>\n\t\t\t\t\t\t<\/div>\n\t\t\t\t\t<\/div>\n\t\t<\/div>\n\t\t\t\t\t\t\t\t<\/div>\n\t\t\t\t\t<\/div>\n\t\t<\/section>\n\t\t\t\t<section class=\"elementor-section elementor-top-section elementor-element elementor-element-76fc3d9 elementor-section-boxed elementor-section-height-default elementor-section-height-default\" data-id=\"76fc3d9\" data-element_type=\"section\">\n\t\t\t\t\t\t<div class=\"elementor-container elementor-column-gap-default\">\n\t\t\t\t\t\t\t<div class=\"elementor-row\">\n\t\t\t\t\t<div class=\"elementor-column elementor-col-100 elementor-top-column elementor-element elementor-element-8193075\" data-id=\"8193075\" data-element_type=\"column\">\n\t\t\t<div class=\"elementor-column-wrap elementor-element-populated\">\n\t\t\t\t\t\t\t<div class=\"elementor-widget-wrap\">\n\t\t\t\t\t\t<div class=\"elementor-element elementor-element-387e019 elementor-widget elementor-widget-heading\" data-id=\"387e019\" data-element_type=\"widget\" data-widget_type=\"heading.default\">\n\t\t\t\t<div class=\"elementor-widget-container\">\n\t\t\t<h4 class=\"elementor-heading-title elementor-size-default\">COMIT\u00c9 DISTRITAL DE SEGURIDAD CIUDADANA MI PERU \u2013 CODISEC\nLey N\u00b0 27993, Ley del Sistema Nacional de Seguridad Ciudadana\n<\/h4>\t\t<\/div>\n\t\t\t\t<\/div>\n\t\t\t\t\t\t<\/div>\n\t\t\t\t\t<\/div>\n\t\t<\/div>\n\t\t\t\t\t\t\t\t<\/div>\n\t\t\t\t\t<\/div>\n\t\t<\/section>\n\t\t\t\t<section class=\"elementor-section elementor-top-section elementor-element elementor-element-fde14bf elementor-section-boxed elementor-section-height-default elementor-section-height-default\" data-id=\"fde14bf\" data-element_type=\"section\">\n\t\t\t\t\t\t<div class=\"elementor-container elementor-column-gap-default\">\n\t\t\t\t\t\t\t<div class=\"elementor-row\">\n\t\t\t\t\t<div class=\"elementor-column elementor-col-50 elementor-top-column elementor-element elementor-element-6f69f6d\" data-id=\"6f69f6d\" data-element_type=\"column\">\n\t\t\t<div class=\"elementor-column-wrap elementor-element-populated\">\n\t\t\t\t\t\t\t<div class=\"elementor-widget-wrap\">\n\t\t\t\t\t\t<div class=\"elementor-element elementor-element-cbb0b6e elementor-widget elementor-widget-image\" data-id=\"cbb0b6e\" data-element_type=\"widget\" data-widget_type=\"image.default\">\n\t\t\t\t<div class=\"elementor-widget-container\">\n\t\t\t\t\t<div class=\"elementor-image\">\n\t\t\t\t\t\t\t\t\t\t<img loading=\"lazy\" decoding=\"async\" width=\"147\" height=\"113\" src=\"https:\/\/munimiperu.gob.pe\/main\/wp-content\/uploads\/2024\/10\/CODISEC.png\" class=\"attachment-thumbnail size-thumbnail\" alt=\"\" \/>\t\t\t\t\t\t\t\t\t\t\t<\/div>\n\t\t\t\t<\/div>\n\t\t\t\t<\/div>\n\t\t\t\t\t\t<\/div>\n\t\t\t\t\t<\/div>\n\t\t<\/div>\n\t\t\t\t<div class=\"elementor-column elementor-col-50 elementor-top-column elementor-element elementor-element-d49ba68\" data-id=\"d49ba68\" data-element_type=\"column\">\n\t\t\t<div class=\"elementor-column-wrap elementor-element-populated\">\n\t\t\t\t\t\t\t<div class=\"elementor-widget-wrap\">\n\t\t\t\t\t\t<div class=\"elementor-element elementor-element-2c78126 elementor-widget elementor-widget-image\" data-id=\"2c78126\" data-element_type=\"widget\" data-widget_type=\"image.default\">\n\t\t\t\t<div class=\"elementor-widget-container\">\n\t\t\t\t\t<div class=\"elementor-image\">\n\t\t\t\t\t\t\t\t\t\t<img loading=\"lazy\" decoding=\"async\" width=\"269\" height=\"174\" src=\"https:\/\/munimiperu.gob.pe\/main\/wp-content\/uploads\/2024\/10\/ALCALDE.png\" class=\"attachment-large size-large\" alt=\"\" \/>\t\t\t\t\t\t\t\t\t\t\t<\/div>\n\t\t\t\t<\/div>\n\t\t\t\t<\/div>\n\t\t\t\t\t\t<\/div>\n\t\t\t\t\t<\/div>\n\t\t<\/div>\n\t\t\t\t\t\t\t\t<\/div>\n\t\t\t\t\t<\/div>\n\t\t<\/section>\n\t\t\t\t<section class=\"elementor-section elementor-top-section elementor-element elementor-element-4473b54 elementor-section-boxed elementor-section-height-default elementor-section-height-default\" data-id=\"4473b54\" data-element_type=\"section\">\n\t\t\t\t\t\t<div class=\"elementor-container elementor-column-gap-default\">\n\t\t\t\t\t\t\t<div class=\"elementor-row\">\n\t\t\t\t\t<div class=\"elementor-column elementor-col-100 elementor-top-column elementor-element elementor-element-437dd87\" data-id=\"437dd87\" data-element_type=\"column\">\n\t\t\t<div class=\"elementor-column-wrap elementor-element-populated\">\n\t\t\t\t\t\t\t<div class=\"elementor-widget-wrap\">\n\t\t\t\t\t\t<div class=\"elementor-element elementor-element-5b29ef7 elementor-widget elementor-widget-text-editor\" data-id=\"5b29ef7\" data-element_type=\"widget\" data-widget_type=\"text-editor.default\">\n\t\t\t\t<div class=\"elementor-widget-container\">\n\t\t\t\t\t<div class=\"elementor-text-editor elementor-clearfix\"><p><strong><u>Definici\u00f3n<\/u><\/strong><strong><br \/><\/strong>El Comit\u00e9 Distrital de Seguridad Ciudadana (CODISEC) es una instancia de di\u00e1logo, coordinaci\u00f3n y elaboraci\u00f3n de pol\u00edticas, planes, programas, directivas y actividades vinculadas a la seguridad ciudadana, en el \u00e1mbito distrital. Articula las relaciones entre las diversas\u00a0entidades del sector p\u00fablico y el sector privado que forman parte del SINASEC a nivel distrital. Cuenta con una Secretar\u00eda T\u00e9cnica.<\/p><p><strong><u>Sus funciones son las siguientes:<\/u><\/strong><u><br \/><\/u><br \/>Proponer ante la Municipalidad Distrital la aprobaci\u00f3n del Plan de Acci\u00f3n Distrital de Seguridad Ciudadana alineado al Plan de Acci\u00f3n Provincial de Seguridad Ciudadana, elaborado bajo los enfoques de gesti\u00f3n por resultados, intercultural y distrital, y articulado con los instrumentos del SINAPLAN.<br \/><br \/>Proponer ante la Municipalidad Distrital la aprobaci\u00f3n de planes, programas y proyectos de seguridad ciudadana de relevancia provincial, tomando en consideraci\u00f3n las particularidades culturales y ling\u00fc\u00edsticas de la poblaci\u00f3n.<br \/><br \/>Estudiar y analizar la problem\u00e1tica de seguridad ciudadana de su jurisdicci\u00f3n, en coordinaci\u00f3n con los integrantes del Comit\u00e9 Provincial de seguridad ciudadana.<br \/><br \/>Promover la articulaci\u00f3n interinstitucional a nivel distrital para el cumplimiento de los compromisos establecidos en los planes y programas.<br \/><br \/>Informar trimestralmente a la Secretar\u00eda T\u00e9cnica del COPROSEC, a trav\u00e9s del\/de la Presidente\/a del Comit\u00e9, respecto del cumplimiento e implementaci\u00f3n de las pol\u00edticas nacionales, regionales, provinciales y distritales de seguridad ciudadana, as\u00ed como del plan nacional de seguridad ciudadana<br \/><br \/>Realizar de manera ordinaria, por lo menos una (1) consulta p\u00fablica trimestral para informar sobre las acciones, avances, logros y dificultades en materia de seguridad ciudadana a nivel distrital, debiendo para tal efecto convocar a las organizaciones vecinales, sociales, religiosas, culturales, educativas y deportivas, coordinadores zonales de seguridad ciudadana, integrantes de mesas de concertaci\u00f3n, en los lugares donde exista, entidades del sector comercial y empresarial, instituciones privadas y otras que estime pertinente.<br \/><br \/>Elaborar el informe trimestral de cumplimiento de los planes, programas y proyectos de Seguridad Ciudadana del distrito.<br \/><br \/>Promover y articular estrategias de prevenci\u00f3n de la violencia y el delito, dando prioridad a los territorios m\u00e1s vulnerables de la jurisdicci\u00f3n, tomando en consideraci\u00f3n las particularidades culturales y ling\u00fc\u00edsticas de la poblaci\u00f3n.<br \/><br \/>Dirigir los procesos de implementaci\u00f3n, monitoreo, evaluaci\u00f3n y ajuste del Plan de Acci\u00f3n Distrital de Seguridad Ciudadana, sobre la base de los lineamientos establecidos por la Secretar\u00eda T\u00e9cnica del CORESEC.<br \/><br \/>Sistematizar la informaci\u00f3n estad\u00edstica de seguridad ciudadana, para su respectiva remisi\u00f3n a la Secretar\u00eda T\u00e9cnica del COPROSEC.<br \/><br \/>Promover la creaci\u00f3n de mecanismos de transparencia, rendici\u00f3n de cuentas y vigilancia ciudadana del CODISEC.<br \/><br \/>Consolidar la estructura y el funcionamiento de la Secretar\u00eda T\u00e9cnica del CODISEC.<br \/><br \/><\/p><p>Colaborar con la Polic\u00eda Nacional del Per\u00fa en los asuntos que le solicite en materia de seguridad ciudadana.\u201d<\/p><p><strong>Fuente:<\/strong>\u00a0Decreto Supremo N\u00b0 011-2014-IN, modificado mediante Decreto Supremo N\u00b0 010-2019-IN<\/p><p><strong>\u00a0<\/strong><\/p><\/div>\n\t\t\t\t<\/div>\n\t\t\t\t<\/div>\n\t\t\t\t\t\t<\/div>\n\t\t\t\t\t<\/div>\n\t\t<\/div>\n\t\t\t\t\t\t\t\t<\/div>\n\t\t\t\t\t<\/div>\n\t\t<\/section>\n\t\t\t\t\t\t<\/div>\n\t\t\t\t\t\t<\/div>\n\t\t\t\t\t<\/div>\n\t\t","protected":false},"excerpt":{"rendered":"<p>\u00bfQUE ES CODISEC? COMIT\u00c9 DISTRITAL DE SEGURIDAD CIUDADANA MI PERU \u2013 CODISEC Ley N\u00b0 27993, Ley del Sistema Nacional de Seguridad Ciudadana Definici\u00f3nEl Comit\u00e9 Distrital de Seguridad Ciudadana (CODISEC) es una instancia de di\u00e1logo, coordinaci\u00f3n y elaboraci\u00f3n de pol\u00edticas, planes, programas, directivas y actividades vinculadas a la seguridad ciudadana, en el \u00e1mbito distrital. Articula las &hellip;<\/p>\n<p class=\"read-more\"> <a class=\"\" href=\"https:\/\/munimiperu.gob.pe\/main\/que-es-codisec\/\"> <span class=\"screen-reader-text\">QUE ES CODISEC<\/span> Leer m\u00e1s &raquo;<\/a><\/p>\n","protected":false},"author":1,"featured_media":0,"parent":0,"menu_order":0,"comment_status":"closed","ping_status":"closed","template":"","meta":{"_mi_skip_tracking":false,"site-sidebar-layout":"no-sidebar","site-content-layout":"page-builder","ast-main-header-display":"","ast-hfb-above-header-display":"","ast-hfb-below-header-display":"","ast-hfb-mobile-header-display":"","site-post-title":"disabled","ast-breadcrumbs-content":"","ast-featured-img":"disabled","footer-sml-layout":"","theme-transparent-header-meta":"","adv-header-id-meta":"","stick-header-meta":"","header-above-stick-meta":"","header-main-stick-meta":"","header-below-stick-meta":"","footnotes":""},"class_list":["post-17766","page","type-page","status-publish","hentry"],"_links":{"self":[{"href":"https:\/\/munimiperu.gob.pe\/main\/wp-json\/wp\/v2\/pages\/17766","targetHints":{"allow":["GET"]}}],"collection":[{"href":"https:\/\/munimiperu.gob.pe\/main\/wp-json\/wp\/v2\/pages"}],"about":[{"href":"https:\/\/munimiperu.gob.pe\/main\/wp-json\/wp\/v2\/types\/page"}],"author":[{"embeddable":true,"href":"https:\/\/munimiperu.gob.pe\/main\/wp-json\/wp\/v2\/users\/1"}],"replies":[{"embeddable":true,"href":"https:\/\/munimiperu.gob.pe\/main\/wp-json\/wp\/v2\/comments?post=17766"}],"version-history":[{"count":7,"href":"https:\/\/munimiperu.gob.pe\/main\/wp-json\/wp\/v2\/pages\/17766\/revisions"}],"predecessor-version":[{"id":17814,"href":"https:\/\/munimiperu.gob.pe\/main\/wp-json\/wp\/v2\/pages\/17766\/revisions\/17814"}],"wp:attachment":[{"href":"https:\/\/munimiperu.gob.pe\/main\/wp-json\/wp\/v2\/media?parent=17766"}],"curies":[{"name":"wp","href":"https:\/\/api.w.org\/{rel}","templated":true}]}}