{"id":5417,"date":"2019-10-22T16:16:19","date_gmt":"2019-10-22T21:16:19","guid":{"rendered":"https:\/\/munimiperu.gob.pe\/main\/?page_id=5417"},"modified":"2023-06-22T21:41:15","modified_gmt":"2023-06-23T02:41:15","slug":"preguntas-frecuentes","status":"publish","type":"page","link":"https:\/\/munimiperu.gob.pe\/main\/preguntas-frecuentes\/","title":{"rendered":"PREGUNTAS FRECUENTES"},"content":{"rendered":"<h1><strong><span style=\"color: #ff0000;\">PREGUNTAS FRECUENTES<\/span><\/strong><\/h1>\n<h6><span style=\"color: #ff0000;\"><strong><a style=\"color: #ff0000;\">\u00bfCu\u00e1les son los requisitos para el Matrimonio Civil?<\/a><\/strong><\/span><\/h6>\n<ul>\n<li>Partidas de nacimiento (original y actual).<\/li>\n<li>Original y copia de DNI<\/li>\n<li>Declaraci\u00f3n jurada simple de solter\u00eda<\/li>\n<li>Declaraci\u00f3n jurada simple de domicilio<\/li>\n<li>Publicaci\u00f3n de edicto matrimonial<\/li>\n<li>Certificados m\u00e9dicos prenupciales de los contrayentes (no mayor a 30 d\u00edas).<\/li>\n<li>Copia de DNI de dos testigos (no familiares).<\/li>\n<li>Foto tama\u00f1o carnet de cada contrayente.<\/li>\n<\/ul>\n<p>INFORMES: Oficina de Registro Civil de la Municipalidad de Mi Per\u00fa, de lunes a viernes de 8:00 am a 1:00 pm y de 2:00 pm a 5:00 pm<\/p>\n<p><span style=\"color: #ff0000;\"><strong><a style=\"color: #ff0000;\">\u00bfC\u00f3mo puedo obtener una declaraci\u00f3n jurada de autoval\u00fao?<\/a><\/strong><\/span><\/p>\n<ul>\n<li>DNI (titular)<\/li>\n<li>Representante (DNI, carta poder y\/o vigencia de poder-Sunarp).<\/li>\n<li>T\u00edtulo de propiedad o certificado literal (Sunarp) actualizado.<\/li>\n<li>Constancia de posesi\u00f3n (asentamientos humanos en v\u00eda de titulaci\u00f3n).<\/li>\n<\/ul>\n<p>NOTA: Documentos fedateados<\/p>\n<p><strong><span style=\"color: #ff0000;\"><a style=\"color: #ff0000;\">\u00bfC\u00f3mo puedo registrar una organizaci\u00f3n social?<\/a><\/span><\/strong><\/p>\n<p>Para obtener su reconocimiento y registro seg\u00fan ordenanza municipal 009:<\/p>\n<ul>\n<li>Solicitud dirigida al Alcalde con atenci\u00f3n a la Gerencia de Participaci\u00f3n Vecinal y Asentamientos Humanos<\/li>\n<li>Acta de fundaci\u00f3n o constituci\u00f3n (con copia de la autorizaci\u00f3n notarial de la apertura del libro de actas).<\/li>\n<li>Estatuto y acta de su aprobaci\u00f3n.<\/li>\n<li>Acta de elecci\u00f3n del \u00f3rgano directivo con copia de citaci\u00f3n y\/o convocatoria a asamblea eleccionaria).<\/li>\n<li>N\u00f3mina de los miembros de la junta directiva, indicando nombre de la organizaci\u00f3n, vigencia, cargos, nombres, apellidos, direcci\u00f3n domiciliaria y DNI de cada integrante).<\/li>\n<li>Libro padr\u00f3n de socios de la organizaci\u00f3n social.<\/li>\n<li>Plano de ubicaci\u00f3n del territorio al que corresponde su representaci\u00f3n.<\/li>\n<\/ul>\n<p><strong><span style=\"color: #ff0000;\"><a style=\"color: #ff0000;\">\u00bfC\u00f3mo puedo obtener el certificado de jurisdicci\u00f3n?<\/a><\/span><\/strong><\/p>\n<ul>\n<li>Formato de solicitud (distribuci\u00f3n gratuita o de libre reproducci\u00f3n) o solicitud simple.<\/li>\n<li>De actuar como representante, adjuntar copia de carta poder vigente (persona natural poder simple y persona jur\u00eddica, copia fedateada del poder notarial).<\/li>\n<li>Copia simple de partida registral literal del predio.<\/li>\n<li>Plano de ubicaci\u00f3n y localizaci\u00f3n geo referenciado.<\/li>\n<li>Derecho de tr\u00e1mite S\/. 39.65<\/li>\n<\/ul>\n<p>NOTA: La documentaci\u00f3n t\u00e9cnica deber\u00e1 ser fefrendada en original por un Ing. Civil o Arq. Colegiado.<\/p>\n<p><span style=\"color: #ff0000;\"><strong><a style=\"color: #ff0000;\">\u00bfC\u00f3mo obtengo el beneficio de impuesto predial si soy pensionista?<\/a><\/strong><\/span><\/p>\n<p>Para la deducci\u00f3n de 50 UIT impuesto predial para pensionista:<\/p>\n<ul>\n<li>DNI del solicitante<\/li>\n<li>T\u00edtulo de propiedad o copia literal (Sunarp)<\/li>\n<li>Certificado positivo de propiedad (Sunarp)<\/li>\n<li>Declaraci\u00f3n jurada donde afirma ser propietario de un solo inmueble.<\/li>\n<li>Resoluci\u00f3n de cesant\u00eda o jubilaci\u00f3n<\/li>\n<li>Constancia de pago actualizada.<\/li>\n<li>Estado de cuenta que acrediten estar al d\u00eda en el pago del tributo.<\/li>\n<li>Todos los documentos deben estar fedateados.<\/li>\n<\/ul>\n<p><span style=\"color: #ff0000;\"><strong><a style=\"color: #ff0000;\">\u00bfC\u00f3mo obtengo el beneficio de impuesto predial si no soy pensionista?<\/a><\/strong><\/span><\/p>\n<p>Para la deducci\u00f3n de 50 UIT impuesto predial para no pensionista:<\/p>\n<ul>\n<li>DNI del solicitante<\/li>\n<li>T\u00edtulo de propiedad de ser \u00fanico propietario, actualizado del a\u00f1o (Sunarp)<\/li>\n<li>Certificado Positivo de Propiedad actualizado del a\u00f1o (Sunarp)<\/li>\n<li>Declaraci\u00f3n jurada donde afirma ser propietario de un solo inmueble.<\/li>\n<li>Declaraci\u00f3n jurada de ingresos (quienes viven en casa, quien paga los servicios, monto que ingresa mensual para su mantenci\u00f3n).<\/li>\n<li>Declaraci\u00f3n jurada de deducci\u00f3n (formato \u00fanico para ser llenado por el administrador).<\/li>\n<li>Estado de cuenta que acrediten estar al d\u00eda en el pago de tributos.<\/li>\n<li>Todos los documentos en original y copia para su respectiva fedetizaci\u00f3n.<\/li>\n<\/ul>\n<p><span style=\"color: #ff0000;\"><strong><a style=\"color: #ff0000;\">\u00bfC\u00f3mo puedo ingresar al Seguro Integral de Salud (SIS), Pensi\u00f3n 65 o Beca 18?<\/a><\/strong><\/span><\/p>\n<p>Debe entregar los siguientes requisitos para que le puedan hacer la Clasificaci\u00f3n Socioecon\u00f3mica:<\/p>\n<ul>\n<li>Copia del recibo de agua y luz (una de cada una).<\/li>\n<li>Copia del DNI de todos los integrantes de su n\u00facleo familiar.<\/li>\n<li>Dejar todos los documentos en Mesa de Parte en la municipalidad de Mi Per\u00fa, de lunes a viernes de 8:00 am a 5:30 pm y s\u00e1bados de 9:00 am a 12:00m,<\/li>\n<\/ul>\n<p><span style=\"color: #ff0000;\"><strong><a style=\"color: #ff0000;\">\u00bfC\u00f3mo obtengo la constataci\u00f3n de linderos?<\/a><\/strong><\/span><\/p>\n<ul>\n<li>Formato de solicitud<\/li>\n<li>Plano \u00fanico perim\u00e9trico con identificaci\u00f3n de medidas y linderos que incluya ubicaci\u00f3n y localizaci\u00f3n con coordenadas UTM georeferenciados en sistema PSAD 52, consignando cuadro de datos t\u00e9cnicos y curvas de nivel de ser el caso (2 juegos).<\/li>\n<li>Copia simple de partida registral literal del predio con indicaci\u00f3n de \u00e1reas y linderos.<\/li>\n<li>Derecho de tr\u00e1mite S\/. 91.10<\/li>\n<\/ul>\n<p><span style=\"color: #ff0000;\"><strong><a style=\"color: #ff0000;\">\u00bfC\u00f3mo obtengo el certificado de par\u00e1metros urban\u00edsticos y edificatorios?<\/a><\/strong><\/span><\/p>\n<ul>\n<li>Solicitud firmada por el solicitante<\/li>\n<li>Plano de ubicaci\u00f3n a escala conveniente<\/li>\n<li>Derecho de tr\u00e1mite S\/. 76.90<\/li>\n<\/ul>\n<p><span style=\"color: #ff0000;\"><strong><a style=\"color: #ff0000;\">\u00bfC\u00f3mo tramito la visaci\u00f3n de planos para casos de t\u00edtulo supletorio, prescripci\u00f3n adquisitiva de dominio y rectificaci\u00f3n o delimitaci\u00f3n de \u00e1reas o linderos?<\/a><\/strong><\/span><\/p>\n<ul>\n<li>Formato de solicitud o solicitud dirigida al Alcalde.<\/li>\n<li>Plano de ubicaci\u00f3n y perim\u00e9trico con indicaci\u00f3n de medidas, \u00e1ngulos y coordenadas UTM (2 juegos) escala 1\/1000 y 1\/500<\/li>\n<li>Memoria descriptiva (triplicada con firma de Ing. Civil o Arquitecto).<\/li>\n<li>Plano de distribuci\u00f3n en caso de existencia de edificaciones.<\/li>\n<li>Copia simple de partida registral literal del predio con indicaci\u00f3n de \u00e1reas y linderos (para el caso de rectificaci\u00f3n\u00a0 o delimitaci\u00f3n de \u00e1reas o linderos).<\/li>\n<li>Derecho del tr\u00e1mite S\/. 91.22<\/li>\n<\/ul>\n<p>NOTA: La documentaci\u00f3n deber\u00e1 ser refrendada en original por un Ing. Civil o Arq. Colegiado.<\/p>\n<p><a><span style=\"color: #ff0000;\"><strong>\u00bfCu\u00e1les son los requisitos para la constancia de posesi\u00f3n?<\/strong><\/span> <\/a><\/p>\n<ul>\n<li>Solicitud dirigida al Alcalde de la Municipalidad Distrital de Mi Per\u00fa.<\/li>\n<li>Copia de DNI del solicitante o<\/li>\n<li>Declaraci\u00f3n jurada del domicilio del solicitante o solicitantes.<\/li>\n<li>En caso de traspaso y\/o sesi\u00f3n de posesi\u00f3n de terreno, luego de 1 a\u00f1o de vivencia podr\u00e1 iniciar la solicitud de constancia de posesi\u00f3n, adjuntando documento privado o p\u00fablico en lo que conste la transferencia plena a favor del poseedor.<\/li>\n<li>Constancia de vivienda emitida por el Secretario General y\/o representante legal de la Junta Directiva Central.<\/li>\n<li>Acta de verificaci\u00f3n de posesi\u00f3n efectiva del predio emitida por un funcionario de la municipalidad distrital correspondiente y suscrita por todos los colindantes del predio o el acta policial de posesi\u00f3n suscrita por todos los colindantes de dicho predio.<\/li>\n<li>Documentos que acrediten como m\u00ednimo 1 (un) a\u00f1o de posesi\u00f3n del predio (pago del impuesto predial que acredite consolidaci\u00f3n por m\u00e1s de un a\u00f1o, etc.).<\/li>\n<li>El predio no deber\u00e1 encontrarse en litigio respecto a la titularidad de posesi\u00f3n.<\/li>\n<li>La ubicaci\u00f3n del predio deber\u00e1 estar plenamente identificada en el plano de trazado y lotizaci\u00f3n (visado por la entidad competente) adjuntando copia simple de la resoluci\u00f3n gerencial aprobando dicho plano de lotizaci\u00f3n y manzaneo.<\/li>\n<\/ul>\n","protected":false},"excerpt":{"rendered":"<p>PREGUNTAS FRECUENTES \u00bfCu\u00e1les son los requisitos para el Matrimonio Civil? Partidas de nacimiento (original y actual). Original y copia de DNI Declaraci\u00f3n jurada simple de solter\u00eda Declaraci\u00f3n jurada simple de domicilio Publicaci\u00f3n de edicto matrimonial Certificados m\u00e9dicos prenupciales de los contrayentes (no mayor a 30 d\u00edas). Copia de DNI de dos testigos (no familiares). Foto &hellip;<\/p>\n<p class=\"read-more\"> <a class=\"\" href=\"https:\/\/munimiperu.gob.pe\/main\/preguntas-frecuentes\/\"> <span class=\"screen-reader-text\">PREGUNTAS FRECUENTES<\/span> Leer m\u00e1s &raquo;<\/a><\/p>\n","protected":false},"author":1,"featured_media":0,"parent":0,"menu_order":0,"comment_status":"closed","ping_status":"closed","template":"","meta":{"_mi_skip_tracking":false,"site-sidebar-layout":"default","site-content-layout":"default","ast-main-header-display":"","ast-hfb-above-header-display":"","ast-hfb-below-header-display":"","ast-hfb-mobile-header-display":"","site-post-title":"","ast-breadcrumbs-content":"","ast-featured-img":"","footer-sml-layout":"","theme-transparent-header-meta":"default","adv-header-id-meta":"","stick-header-meta":"","header-above-stick-meta":"","header-main-stick-meta":"","header-below-stick-meta":"","footnotes":""},"class_list":["post-5417","page","type-page","status-publish","hentry"],"_links":{"self":[{"href":"https:\/\/munimiperu.gob.pe\/main\/wp-json\/wp\/v2\/pages\/5417","targetHints":{"allow":["GET"]}}],"collection":[{"href":"https:\/\/munimiperu.gob.pe\/main\/wp-json\/wp\/v2\/pages"}],"about":[{"href":"https:\/\/munimiperu.gob.pe\/main\/wp-json\/wp\/v2\/types\/page"}],"author":[{"embeddable":true,"href":"https:\/\/munimiperu.gob.pe\/main\/wp-json\/wp\/v2\/users\/1"}],"replies":[{"embeddable":true,"href":"https:\/\/munimiperu.gob.pe\/main\/wp-json\/wp\/v2\/comments?post=5417"}],"version-history":[{"count":5,"href":"https:\/\/munimiperu.gob.pe\/main\/wp-json\/wp\/v2\/pages\/5417\/revisions"}],"predecessor-version":[{"id":14486,"href":"https:\/\/munimiperu.gob.pe\/main\/wp-json\/wp\/v2\/pages\/5417\/revisions\/14486"}],"wp:attachment":[{"href":"https:\/\/munimiperu.gob.pe\/main\/wp-json\/wp\/v2\/media?parent=5417"}],"curies":[{"name":"wp","href":"https:\/\/api.w.org\/{rel}","templated":true}]}}