{"id":9288,"date":"2021-09-24T17:15:22","date_gmt":"2021-09-24T22:15:22","guid":{"rendered":"https:\/\/munimiperu.gob.pe\/main\/?page_id=9288"},"modified":"2023-06-21T11:47:44","modified_gmt":"2023-06-21T16:47:44","slug":"registros-civiles","status":"publish","type":"page","link":"https:\/\/munimiperu.gob.pe\/main\/registros-civiles\/","title":{"rendered":"Registros Civiles"},"content":{"rendered":"<h1><strong><span style=\"color: #ff0000;\">REGISTROS CIVILES<\/span><\/strong><\/h1>\n<p><strong>MATRIMONIO CIVIL EN MI PER\u00da<\/strong><\/p>\n<p>La Municipalidad Distrital de Mi Per\u00fa contin\u00faa brindando el servicio de MATRIMONIO CIVIL, acto solemne y p\u00fablico que se realiza ante una autoridad celebrante.<\/p>\n<p>Para su celebraci\u00f3n se deber\u00e1 cumplir con lo siguiente:<\/p>\n<ul>\n<li>\u00a0Conformaci\u00f3n del expediente matrimonial.<\/li>\n<li>\u00a0Publicaci\u00f3n del edicto.<\/li>\n<\/ul>\n<p><strong>REQUISITOS PARA CONTRAER MATRIMONIO<\/strong><\/p>\n<p>Los requisitos dependen de la nacionalidad y el estado civil del (de la) contrayente.<\/p>\n<ul>\n<li style=\"list-style-type: none;\">\n<ul>\n<li>Requisitos (<a href=\"https:\/\/munimiperu.gob.pe\/main\/wp-content\/uploads\/2023\/06\/MATRIMONIO-CIVIL.jpg\" target=\"_blank\" rel=\"noopener noreferrer\">dale click aqu\u00ed<\/a>)<\/li>\n<li>Formato para Matrimonio (<a href=\"https:\/\/munimiperu.gob.pe\/main\/wp-content\/uploads\/2023\/06\/FUT.pdf\" target=\"_blank\" rel=\"noopener noreferrer\">dale click aqu\u00ed<\/a>)<\/li>\n<li>Los documentos para los matrimonios deben ser entregados solo con un mes m\u00e1ximo de anticipaci\u00f3n.<\/li>\n<li>Los formatos deben de ser llenados con letra imprenta, firmados al igual que su DNI y con huella digital; para la apertura del pliego matrimonial.<\/li>\n<li>Para la revisi\u00f3n de los documentos que se les solicita en los requisitos antes mencionados, formatos de acuerdo a los anexos adjuntos y\/o consultas, es de forma presencial en el \u00e1rea de Registro Civil.<\/li>\n<li>Una vez revisados los documentos y ingresados por mesa de partes, el encargado se pondr\u00e1 en contacto con ustedes para que puedan escoger la fecha, hora de la realizaci\u00f3n de la ceremonia.<\/li>\n<li>La fecha deber\u00e1 ser despu\u00e9s del noveno d\u00eda de haber sido publicado el edicto matrimonial.<\/li>\n<li>Al momento del pago de la ceremonia se deber\u00e1 de entregar todos los documentos solicitados en original por mesa de partes. Solo uno de los contrayentes deber\u00e1 traer la documentaci\u00f3n solicitada en sobre cerrado indicando los apellidos de los contrayentes.<\/li>\n<\/ul>\n<\/li>\n<\/ul>\n<p>Lugar de entrega del documento: Mesa de Partes.<\/p>\n<h2><strong>Ceremonias en las oficinas de Registro Civil, Auditorio de la Plaza C\u00edvica y privados (fuera del local municipal)<\/strong><\/h2>\n<p style=\"text-align: center;\"><span style=\"color: #000000;\"><strong>Auditorio de la Plaza C\u00edvica del Distrito de Mi Per\u00fa<\/strong><\/span><a href=\"https:\/\/munimiperu.gob.pe\/main\/wp-content\/uploads\/2023\/06\/DSC_0035-scaled.jpg\"><img loading=\"lazy\" decoding=\"async\" class=\"aligncenter wp-image-14024\" src=\"https:\/\/munimiperu.gob.pe\/main\/wp-content\/uploads\/2023\/06\/DSC_0035-300x200.jpg\" alt=\"\" width=\"559\" height=\"372\" srcset=\"https:\/\/munimiperu.gob.pe\/main\/wp-content\/uploads\/2023\/06\/DSC_0035-300x200.jpg 300w, https:\/\/munimiperu.gob.pe\/main\/wp-content\/uploads\/2023\/06\/DSC_0035-scaled.jpg 1024w, https:\/\/munimiperu.gob.pe\/main\/wp-content\/uploads\/2023\/06\/DSC_0035-768x512.jpg 768w, https:\/\/munimiperu.gob.pe\/main\/wp-content\/uploads\/2023\/06\/DSC_0035-1536x1024.jpg 1536w, https:\/\/munimiperu.gob.pe\/main\/wp-content\/uploads\/2023\/06\/DSC_0035-2048x1365.jpg 2048w\" sizes=\"auto, (max-width: 559px) 100vw, 559px\" \/> <\/a><\/p>\n<p style=\"text-align: center;\"><a href=\"https:\/\/munimiperu.gob.pe\/main\/wp-content\/uploads\/2023\/06\/DSC_0035-scaled.jpg\"><span style=\"color: #000000;\"><strong>Exteriores al Local Municipal<\/strong><\/span><\/a><\/p>\n<p><a href=\"https:\/\/munimiperu.gob.pe\/main\/wp-content\/uploads\/2023\/06\/DSC_0196-scaled.jpg\"><img loading=\"lazy\" decoding=\"async\" class=\" wp-image-14026 aligncenter\" src=\"https:\/\/munimiperu.gob.pe\/main\/wp-content\/uploads\/2023\/06\/DSC_0196-300x200.jpg\" alt=\"\" width=\"554\" height=\"370\" srcset=\"https:\/\/munimiperu.gob.pe\/main\/wp-content\/uploads\/2023\/06\/DSC_0196-300x200.jpg 300w, https:\/\/munimiperu.gob.pe\/main\/wp-content\/uploads\/2023\/06\/DSC_0196-scaled.jpg 1024w, https:\/\/munimiperu.gob.pe\/main\/wp-content\/uploads\/2023\/06\/DSC_0196-768x512.jpg 768w, https:\/\/munimiperu.gob.pe\/main\/wp-content\/uploads\/2023\/06\/DSC_0196-1536x1024.jpg 1536w, https:\/\/munimiperu.gob.pe\/main\/wp-content\/uploads\/2023\/06\/DSC_0196-2048x1365.jpg 2048w\" sizes=\"auto, (max-width: 554px) 100vw, 554px\" \/><\/a><\/p>\n<p style=\"text-align: center;\"><strong>Oficina de Registro Civil del Distrito de Mi Per\u00fa<\/strong><\/p>\n<p style=\"text-align: center;\"><a href=\"https:\/\/munimiperu.gob.pe\/main\/wp-content\/uploads\/2023\/06\/IMG_8605-scaled.jpg\"><img loading=\"lazy\" decoding=\"async\" class=\" wp-image-14042 aligncenter\" src=\"https:\/\/munimiperu.gob.pe\/main\/wp-content\/uploads\/2023\/06\/IMG_8605-300x200.jpg\" alt=\"\" width=\"559\" height=\"372\" srcset=\"https:\/\/munimiperu.gob.pe\/main\/wp-content\/uploads\/2023\/06\/IMG_8605-300x200.jpg 300w, https:\/\/munimiperu.gob.pe\/main\/wp-content\/uploads\/2023\/06\/IMG_8605-scaled.jpg 1024w, https:\/\/munimiperu.gob.pe\/main\/wp-content\/uploads\/2023\/06\/IMG_8605-768x512.jpg 768w, https:\/\/munimiperu.gob.pe\/main\/wp-content\/uploads\/2023\/06\/IMG_8605-1536x1024.jpg 1536w, https:\/\/munimiperu.gob.pe\/main\/wp-content\/uploads\/2023\/06\/IMG_8605-2048x1365.jpg 2048w\" sizes=\"auto, (max-width: 559px) 100vw, 559px\" \/><\/a><\/p>\n","protected":false},"excerpt":{"rendered":"<p>REGISTROS CIVILES MATRIMONIO CIVIL EN MI PER\u00da La Municipalidad Distrital de Mi Per\u00fa contin\u00faa brindando el servicio de MATRIMONIO CIVIL, acto solemne y p\u00fablico que se realiza ante una autoridad celebrante. Para su celebraci\u00f3n se deber\u00e1 cumplir con lo siguiente: \u00a0Conformaci\u00f3n del expediente matrimonial. \u00a0Publicaci\u00f3n del edicto. REQUISITOS PARA CONTRAER MATRIMONIO Los requisitos dependen de &hellip;<\/p>\n<p class=\"read-more\"> <a class=\"\" href=\"https:\/\/munimiperu.gob.pe\/main\/registros-civiles\/\"> <span class=\"screen-reader-text\">Registros Civiles<\/span> Leer m\u00e1s &raquo;<\/a><\/p>\n","protected":false},"author":1,"featured_media":0,"parent":0,"menu_order":0,"comment_status":"closed","ping_status":"closed","template":"","meta":{"_mi_skip_tracking":false,"site-sidebar-layout":"no-sidebar","site-content-layout":"page-builder","ast-main-header-display":"","ast-hfb-above-header-display":"","ast-hfb-below-header-display":"","ast-hfb-mobile-header-display":"","site-post-title":"disabled","ast-breadcrumbs-content":"","ast-featured-img":"disabled","footer-sml-layout":"","theme-transparent-header-meta":"default","adv-header-id-meta":"","stick-header-meta":"","header-above-stick-meta":"","header-main-stick-meta":"","header-below-stick-meta":"","footnotes":""},"class_list":["post-9288","page","type-page","status-publish","hentry"],"_links":{"self":[{"href":"https:\/\/munimiperu.gob.pe\/main\/wp-json\/wp\/v2\/pages\/9288","targetHints":{"allow":["GET"]}}],"collection":[{"href":"https:\/\/munimiperu.gob.pe\/main\/wp-json\/wp\/v2\/pages"}],"about":[{"href":"https:\/\/munimiperu.gob.pe\/main\/wp-json\/wp\/v2\/types\/page"}],"author":[{"embeddable":true,"href":"https:\/\/munimiperu.gob.pe\/main\/wp-json\/wp\/v2\/users\/1"}],"replies":[{"embeddable":true,"href":"https:\/\/munimiperu.gob.pe\/main\/wp-json\/wp\/v2\/comments?post=9288"}],"version-history":[{"count":22,"href":"https:\/\/munimiperu.gob.pe\/main\/wp-json\/wp\/v2\/pages\/9288\/revisions"}],"predecessor-version":[{"id":14043,"href":"https:\/\/munimiperu.gob.pe\/main\/wp-json\/wp\/v2\/pages\/9288\/revisions\/14043"}],"wp:attachment":[{"href":"https:\/\/munimiperu.gob.pe\/main\/wp-json\/wp\/v2\/media?parent=9288"}],"curies":[{"name":"wp","href":"https:\/\/api.w.org\/{rel}","templated":true}]}}