{"id":9593,"date":"2021-11-10T16:47:20","date_gmt":"2021-11-10T21:47:20","guid":{"rendered":"https:\/\/munimiperu.gob.pe\/main\/?page_id=9593"},"modified":"2025-07-07T14:06:01","modified_gmt":"2025-07-07T19:06:01","slug":"atencion-al-ciudadano","status":"publish","type":"page","link":"https:\/\/munimiperu.gob.pe\/main\/atencion-al-ciudadano\/","title":{"rendered":"ATENCI\u00d3N AL CIUDADANO"},"content":{"rendered":"\t\t<div data-elementor-type=\"wp-page\" data-elementor-id=\"9593\" class=\"elementor elementor-9593\" data-elementor-settings=\"[]\">\n\t\t\t\t\t\t<div class=\"elementor-inner\">\n\t\t\t\t\t\t\t<div class=\"elementor-section-wrap\">\n\t\t\t\t\t\t\t<section class=\"elementor-section elementor-top-section elementor-element elementor-element-e171b7f elementor-section-boxed elementor-section-height-default elementor-section-height-default\" data-id=\"e171b7f\" data-element_type=\"section\">\n\t\t\t\t\t\t<div class=\"elementor-container elementor-column-gap-default\">\n\t\t\t\t\t\t\t<div class=\"elementor-row\">\n\t\t\t\t\t<div class=\"elementor-column elementor-col-100 elementor-top-column elementor-element elementor-element-2bbc3b6\" data-id=\"2bbc3b6\" data-element_type=\"column\">\n\t\t\t<div class=\"elementor-column-wrap elementor-element-populated\">\n\t\t\t\t\t\t\t<div class=\"elementor-widget-wrap\">\n\t\t\t\t\t\t<div class=\"elementor-element elementor-element-757d677 elementor-widget elementor-widget-heading\" data-id=\"757d677\" data-element_type=\"widget\" data-widget_type=\"heading.default\">\n\t\t\t\t<div class=\"elementor-widget-container\">\n\t\t\t<h1 class=\"elementor-heading-title elementor-size-xl\">ATENCI\u00d3N AL CIUDADANO<\/h1>\t\t<\/div>\n\t\t\t\t<\/div>\n\t\t\t\t\t\t<\/div>\n\t\t\t\t\t<\/div>\n\t\t<\/div>\n\t\t\t\t\t\t\t\t<\/div>\n\t\t\t\t\t<\/div>\n\t\t<\/section>\n\t\t\t\t<section class=\"elementor-section elementor-top-section elementor-element elementor-element-eaf594a elementor-section-boxed elementor-section-height-default elementor-section-height-default\" data-id=\"eaf594a\" data-element_type=\"section\">\n\t\t\t\t\t\t<div class=\"elementor-container elementor-column-gap-default\">\n\t\t\t\t\t\t\t<div class=\"elementor-row\">\n\t\t\t\t\t<div class=\"elementor-column elementor-col-100 elementor-top-column elementor-element elementor-element-6c5c899\" data-id=\"6c5c899\" data-element_type=\"column\">\n\t\t\t<div class=\"elementor-column-wrap elementor-element-populated\">\n\t\t\t\t\t\t\t<div class=\"elementor-widget-wrap\">\n\t\t\t\t\t\t<div class=\"elementor-element elementor-element-592a48d elementor-widget elementor-widget-text-editor\" data-id=\"592a48d\" data-element_type=\"widget\" data-widget_type=\"text-editor.default\">\n\t\t\t\t<div class=\"elementor-widget-container\">\n\t\t\t\t\t<div class=\"elementor-text-editor elementor-clearfix\"><p>Los tramites que se realizan en la Municipalidad Distrital de Mi Per\u00fa son los siguientes:<\/p><h2><strong><span style=\"color: #fca426;\">FUT<\/span><\/strong><\/h2><p>Formato \u00fanico de tramite, documento con el cual puede presentar todo tipo de solicitud ante la Municipalidad Distrital de Mi Per\u00fa.<\/p><p>(<a href=\"https:\/\/munimiperu.gob.pe\/main\/wp-content\/uploads\/2025\/03\/FUT-2025.pdf\" target=\"_blank\" rel=\"noopener\">Descargue formato aqu\u00ed<\/a>)<\/p><h2><span style=\"color: #fca426;\"><strong>ACCESO A LA INFORMACI\u00d3N P\u00daBLICA<\/strong><\/span><\/h2><p>La recepci\u00f3n de documentos es de 8:00 am a 5:00 pm. Ingrese su solicitud y un especialista se comunicara con usted.<\/p><p>Acceder a la informaci\u00f3n p\u00fablica es tu derecho. Cualquier persona puede solicitar y recibir informaci\u00f3n que tenga o emita cualquier entidad estatal, con las excepciones previstas en la Ley.<\/p><p>Enlace para generar la solicitud: <a href=\"https:\/\/facilita.gob.pe\/t\/1512\" target=\"_blank\" rel=\"noopener\">https:\/\/reclamos.servicios.gob.pe\/?institution_id=394https:\/\/facilita.gob.pe\/t\/1512<\/a><\/p><p>(<a href=\"https:\/\/munimiperu.gob.pe\/main\/wp-content\/uploads\/2025\/03\/ACCESO-A-LA-INFORMACION-PUBLICA.pdf\">Descargue formato aqu\u00ed<\/a>)<\/p><h2><strong><span style=\"color: #fca426;\">CERTIFICADO DE JURIDICCI\u00d3N<\/span><\/strong><\/h2><p>Documento de valides para que registros p\u00fablicos realice el cambio de jurisdicci\u00f3n.<\/p><p>(<a href=\"https:\/\/munimiperu.gob.pe\/main\/wp-content\/uploads\/2025\/03\/FUT-2025.pdf\" target=\"_blank\" rel=\"noopener\">Descargue formato aqu\u00ed<\/a>)<\/p><p>Requisitos:<\/p><ol><li>Formato de solicitud. (FUT)<\/li><li>De actuar como representante adjuntar carta poder.<\/li><li>Copia literal o titulo de propiedad.<\/li><li>Croquis simple de ubicaci\u00f3n.<\/li><\/ol><h2><strong><span style=\"color: #fca426;\">CERTIFICADO DE PARAMETROS URBANISTICOS Y EDIFICATORIOS<\/span><\/strong><\/h2><p>Proporciona informaci\u00f3n sobre el predio, altura, \u00e1rea libre y uso de suelo.<\/p><p>(<a href=\"https:\/\/munimiperu.gob.pe\/main\/PortalTransp\/2021\/Accesoalainformacion\/FUTDIGITAL2021.pdf\" target=\"_blank\" rel=\"noopener\">Descargue formato aqu\u00ed<\/a>)<\/p><p>Requisitos:<\/p><ol><li>Formato de solicitud (FUT).<\/li><li>Copia literal actualizada (distrito Mi Per\u00fa).<\/li><li>Plano de ubicaci\u00f3n.<\/li><li>Pago de derecho de tramite.<\/li><\/ol><h2><strong><span style=\"color: #fca426;\">CONSTANCIA DE LINDEROS Y MEDIDAS PERIM\u00c9TRICAS<\/span><\/strong><\/h2><p>Verificaci\u00f3n de medidas de predio, se realiza de forma f\u00edsica por un ingeniero de parte de la Municipalidad Distrital de Mi Per\u00fa.<\/p><p>(<a href=\"https:\/\/munimiperu.gob.pe\/main\/PortalTransp\/2021\/Accesoalainformacion\/FUTDIGITAL2021.pdf\" target=\"_blank\" rel=\"noopener\">Descargue formato aqu\u00ed<\/a>)<\/p><p>Requisitos:<\/p><ol><li>Formato de solicitud (FUT).<\/li><li>De actuar como representante adjuntar carta poder.<\/li><li>Plano \u00fanico perim\u00e9trico con indicaci\u00f3n de medidas y linderos que incluya ubicaci\u00f3n y localizaci\u00f3n con coordenadas UTM georreferenciados en sistemas WGS, consignando cuadro de datos t\u00e9cnicos y curvas de nivel de ser el caso. (2 juegos)<\/li><li>Copia literal del predio con indicaci\u00f3n de \u00e1reas y linderos.<\/li><li>Pago derecho de tr\u00e1mite.<\/li><\/ol><p><strong>NOTA: <\/strong>La documentaci\u00f3n deber\u00e1 ser referenciada en original por un Ing. Civil o Arq. Colegiado.<\/p><h2><strong><span style=\"color: #fca426;\">AUTORIZACI\u00d3N EN \u00c1REA DE USO P\u00daBLICO PARA INSTALACI\u00d3N DOMICILIARIA DEL SERVICIO DE AGUA Y DESAGUE.<\/span><\/strong><\/h2><p>Se realiza para requerir permiso para la instalaci\u00f3n de medidor de luz\u00a0 agua.<\/p><p>(<a href=\"https:\/\/munimiperu.gob.pe\/main\/PortalTransp\/2021\/Accesoalainformacion\/FUTDIGITAL2021.pdf\" target=\"_blank\" rel=\"noopener\">Descargue formato aqu\u00ed<\/a>)<\/p><p>Requisitos:<\/p><ol><li>Formato de solicitud (FUT).<\/li><li>Informe de factibilidad del servicio.<\/li><li>Comunicaci\u00f3n de interferencia vial MPC o MDMP con 7 d\u00edas de anticipaci\u00f3n.<\/li><li>Pago de derecho de tramite.<\/li><\/ol><h2><strong><span style=\"color: #fca426;\">RECONOCIMIENTO Y REGISTRO DE ORGANIZACIONES SOCIALES<\/span><\/strong><\/h2><p>Dicha solicitud es para estar registrado en el RUOS de la Municipalidad Distrital de Mi Per\u00fa.<\/p><p>(<a href=\"https:\/\/munimiperu.gob.pe\/main\/PortalTransp\/2021\/Accesoalainformacion\/FUTDIGITAL2021.pdf\" target=\"_blank\" rel=\"noopener\">Descargue formato aqu\u00ed<\/a>)<\/p><p>Requisitos:<\/p><ol><li>Formato de solicitud (FUT).<\/li><li>Acta de fundaci\u00f3n.<\/li><li>Estatuto o acta de aprobaci\u00f3n.<\/li><li>Acta de elecci\u00f3n del \u00f3rgano directivo (copia de citaci\u00f3n y\/o convocatoria a asamblea eleccionaria).<\/li><li>Nomina de los miembros de la junta directiva (indicando nombre de la organizaci\u00f3n social, periodo de vigencia, cargos, nombres y apellidos, direcci\u00f3n domiciliaria y documento de identidad de cada integrante).<\/li><li>Libro de padr\u00f3n de socios de la organizaci\u00f3n social.<\/li><li>Plano de ubicaci\u00f3n del territorio al que corresponde su representaci\u00f3n.<\/li><\/ol><p><strong>NOTA:<\/strong> Los documentos se\u00f1alados en los numerales 2, 3, 4, 5, 6 y 7 ser\u00e1n presentados en original y copia para su respectiva<strong> FEDATIZACI\u00d3N.<\/strong><\/p><h2><span style=\"color: #fca426;\"><strong>CONSTANCIA DE NO<\/strong> <strong>ADEUDO<\/strong><\/span><\/h2><p>La constancia de no adeudo acredita ante cualquier instituci\u00f3n que el solicitante no mantiene deudas pendientes de ning\u00fan periodo transcurrido o en curso con la Administraci\u00f3n Tributaria de la Municipalidad Distrital de Mi Per\u00fa.<\/p><p>(<a href=\"https:\/\/munimiperu.gob.pe\/main\/PortalTransp\/2021\/Accesoalainformacion\/FUTDIGITAL2021.pdf\" target=\"_blank\" rel=\"noopener\">Descargue el formato aqu\u00ed<\/a>)<\/p><p>Requisitos:<\/p><ol><li>Presentar solicitud firmada por el solicitante o tercero interesado. (FUT)<\/li><li>Exhibir documentos de identidad del solicitante.<\/li><li>En caso de representaci\u00f3n, presentar copia de poder especifico en documento p\u00fablico o privado con firma legalizada ante notario.<\/li><li>Pago por derecho de tramite.<\/li><\/ol><h2><strong><span style=\"color: #fca426;\">REGISTRO CIVIL<\/span><\/strong><\/h2><p>La Municipalidad Distrital de Mi Per\u00fa contin\u00faa brindando el servicio de MATRIMONIO CIVIL, acto solemne y p\u00fablico que se realiza ante una autoridad celebrante. <a href=\"https:\/\/munimiperu.gob.pe\/main\/registros-civiles\/\">M\u00e1s informaci\u00f3n aqu\u00ed.<\/a><\/p><p>(<a href=\"https:\/\/munimiperu.gob.pe\/main\/PortalTransp\/2021\/Accesoalainformacion\/FUTDIGITAL2021.pdf\" target=\"_blank\" rel=\"noopener\">Descargue el formato aqu\u00ed<\/a>)<\/p><p>Requisitos:<\/p><ol><li>Formato de solicitud (FUT)<\/li><li>Partida de nacimiento de ambos (original y actualizada)<\/li><li>DNI de los contrayentes.<\/li><li>DNI de los testigos. (No familiares).<\/li><li>Declaraci\u00f3n jurada de solter\u00eda.<\/li><li>Declaraci\u00f3n jurada de testigos.<\/li><li>Certificado m\u00e9dico prenupciales y charla prenupcial.<\/li><li>Edicto matrimonial.<\/li><li>Pago por derecho de tramite.<\/li><\/ol><\/div>\n\t\t\t\t<\/div>\n\t\t\t\t<\/div>\n\t\t\t\t\t\t<\/div>\n\t\t\t\t\t<\/div>\n\t\t<\/div>\n\t\t\t\t\t\t\t\t<\/div>\n\t\t\t\t\t<\/div>\n\t\t<\/section>\n\t\t\t\t\t\t<\/div>\n\t\t\t\t\t\t<\/div>\n\t\t\t\t\t<\/div>\n\t\t","protected":false},"excerpt":{"rendered":"<p>ATENCI\u00d3N AL CIUDADANO Los tramites que se realizan en la Municipalidad Distrital de Mi Per\u00fa son los siguientes: FUT Formato \u00fanico de tramite, documento con el cual puede presentar todo tipo de solicitud ante la Municipalidad Distrital de Mi Per\u00fa. (Descargue formato aqu\u00ed) ACCESO A LA INFORMACI\u00d3N P\u00daBLICA La recepci\u00f3n de documentos es de 8:00 &hellip;<\/p>\n<p class=\"read-more\"> <a class=\"\" href=\"https:\/\/munimiperu.gob.pe\/main\/atencion-al-ciudadano\/\"> <span class=\"screen-reader-text\">ATENCI\u00d3N AL CIUDADANO<\/span> Leer m\u00e1s &raquo;<\/a><\/p>\n","protected":false},"author":1,"featured_media":0,"parent":0,"menu_order":0,"comment_status":"closed","ping_status":"closed","template":"","meta":{"_mi_skip_tracking":false,"site-sidebar-layout":"no-sidebar","site-content-layout":"page-builder","ast-main-header-display":"","ast-hfb-above-header-display":"","ast-hfb-below-header-display":"","ast-hfb-mobile-header-display":"","site-post-title":"disabled","ast-breadcrumbs-content":"","ast-featured-img":"disabled","footer-sml-layout":"","theme-transparent-header-meta":"default","adv-header-id-meta":"","stick-header-meta":"","header-above-stick-meta":"","header-main-stick-meta":"","header-below-stick-meta":"","footnotes":""},"class_list":["post-9593","page","type-page","status-publish","hentry"],"_links":{"self":[{"href":"https:\/\/munimiperu.gob.pe\/main\/wp-json\/wp\/v2\/pages\/9593","targetHints":{"allow":["GET"]}}],"collection":[{"href":"https:\/\/munimiperu.gob.pe\/main\/wp-json\/wp\/v2\/pages"}],"about":[{"href":"https:\/\/munimiperu.gob.pe\/main\/wp-json\/wp\/v2\/types\/page"}],"author":[{"embeddable":true,"href":"https:\/\/munimiperu.gob.pe\/main\/wp-json\/wp\/v2\/users\/1"}],"replies":[{"embeddable":true,"href":"https:\/\/munimiperu.gob.pe\/main\/wp-json\/wp\/v2\/comments?post=9593"}],"version-history":[{"count":36,"href":"https:\/\/munimiperu.gob.pe\/main\/wp-json\/wp\/v2\/pages\/9593\/revisions"}],"predecessor-version":[{"id":20301,"href":"https:\/\/munimiperu.gob.pe\/main\/wp-json\/wp\/v2\/pages\/9593\/revisions\/20301"}],"wp:attachment":[{"href":"https:\/\/munimiperu.gob.pe\/main\/wp-json\/wp\/v2\/media?parent=9593"}],"curies":[{"name":"wp","href":"https:\/\/api.w.org\/{rel}","templated":true}]}}